{"id":2,"date":"2024-11-15T10:09:16","date_gmt":"2024-11-15T10:09:16","guid":{"rendered":"https:\/\/farbmix-seminar.de\/?page_id=2"},"modified":"2026-02-19T19:47:47","modified_gmt":"2026-02-19T19:47:47","slug":"startpage","status":"publish","type":"page","link":"https:\/\/farbmix-seminar.de\/","title":{"rendered":"AH! Malerei &amp; Lyrik R S-R"},"content":{"rendered":"\n<figure class=\"gb-block-image gb-block-image-a76b06d3\"><img loading=\"lazy\" decoding=\"async\" width=\"655\" height=\"636\" class=\"gb-image gb-image-a76b06d3\" src=\"https:\/\/farbmix-seminar.de\/wp-content\/uploads\/2024\/12\/Button_Bioliteratur.jpg\" alt=\"\" title=\"Button_Bioliteratur\" srcset=\"https:\/\/farbmix-seminar.de\/wp-content\/uploads\/2024\/12\/Button_Bioliteratur.jpg 655w, https:\/\/farbmix-seminar.de\/wp-content\/uploads\/2024\/12\/Button_Bioliteratur-300x291.jpg 300w\" sizes=\"auto, (max-width: 655px) 100vw, 655px\" \/><\/figure>\n\n\n<div class=\"gb-container gb-container-dfa6a489\">\n<div class=\"gb-container gb-container-77e1db60 gap-6\">\n<div class=\"gb-container gb-container-8b29ace5 w-full md:w-1\/3 p-6 border rounded-lg shadow border-primary-500 hover:border-accent-500 hover:bg-accent-100\">\n<div class=\"gb-container gb-container-75ff2d4d\">\n<div class=\"gb-container gb-container-f2014233\">\n\n<h4 class=\"wp-block-heading has-text-align-center has-text-color has-link-color wp-elements-02985bed95b7c3f8d9a96bcddbf33f92\" style=\"color:#f60e0e\"><strong>Innovation in Kunst und Kreativit\u00e4t: Das neue Gold!&nbsp;<\/strong><\/h4>\n\n<\/div>\n<\/div>\n\n\n<div class=\"wp-block-buttons is-content-justification-center is-layout-flex wp-container-core-buttons-is-layout-16018d1d wp-block-buttons-is-layout-flex\">\n<div class=\"wp-block-button is-style-fill\"><a class=\"wp-block-button__link has-contrast-color has-text-color has-background has-link-color wp-element-button\" href=\"https:\/\/digit-netzkunst.de\/\" style=\"background-color:#57f363\" target=\"_blank\" rel=\"noreferrer noopener\">digit-netzkunst.de<\/a><\/div>\n<\/div>\n\n<\/div>\n\n<div class=\"gb-container gb-container-be3014d6 w-full md:w-1\/3 p-6 border rounded-lg shadow border-primary-500 hover:border-accent-500 hover:bg-accent-100\">\n\n<h4 class=\"wp-block-heading has-text-align-center has-text-color has-link-color wp-elements-9b548527bb6292ee7ffd1db351f0dd72\" style=\"color:#f60e0e\"><strong>Das gemeinsame Gestalten verkn\u00fcpft living city durch Kunst: Mit Farbmix Meister werden!&nbsp;<\/strong><\/h4>\n\n\n\n<div class=\"wp-block-buttons is-content-justification-center is-layout-flex wp-container-core-buttons-is-layout-16018d1d wp-block-buttons-is-layout-flex\">\n<div class=\"wp-block-button is-style-fill\"><a class=\"wp-block-button__link has-contrast-color has-text-color has-background has-link-color wp-element-button\" href=\"http:\/\/urbanolix-artobot.de\/\" style=\"background-color:#57f363\" target=\"_blank\" rel=\"noreferrer noopener\">urbanolix-artobot.de<\/a><\/div>\n<\/div>\n\n<\/div>\n\n<div class=\"gb-container gb-container-af188c40 w-full md:w-1\/3 p-6 border rounded-lg shadow border-primary-500 hover:border-accent-500 hover:bg-accent-100\">\n\n<h4 class=\"wp-block-heading has-text-align-center has-text-color has-link-color wp-elements-50d4bb670c81c04a003a8b14e75b684e\" style=\"color:#f60e0e\"><strong>Pers\u00f6nliche Entwicklung durch Kunst: \u00dcber L\u00f6sungen reden &#8211; die Rhetorik f\u00e4rbt die Worte.<\/strong><\/h4>\n\n\n\n<div class=\"wp-block-buttons is-content-justification-center is-layout-flex wp-container-core-buttons-is-layout-16018d1d wp-block-buttons-is-layout-flex\">\n<div class=\"wp-block-button\"><a class=\"wp-block-button__link has-contrast-color has-text-color has-background has-link-color wp-element-button\" href=\"http:\/\/www.digit-book.eu\" style=\"background-color:#57f363\" target=\"_blank\" rel=\"noreferrer noopener\">digit-book.eu<\/a><\/div>\n<\/div>\n\n<\/div>\n\n<div class=\"gb-container gb-container-25b7eb5c w-full md:w-1\/3 p-6 border rounded-lg shadow border-primary-500 hover:border-accent-500 hover:bg-accent-100\">\n\n<h4 class=\"wp-block-heading has-text-align-center has-text-color has-link-color wp-elements-4ada6eaead83a3da5ac64760134ed769\" style=\"color:#f60e0e\"><strong>Umweltkunst und Kunst der Nachhaltigkeit: Verzahnung gesellschaftlicher Zeitvorstellungen mit den Rhythmen der Natur.&nbsp;<\/strong><\/h4>\n\n\n\n<div class=\"wp-block-buttons is-content-justification-center is-layout-flex wp-container-core-buttons-is-layout-16018d1d wp-block-buttons-is-layout-flex\">\n<div class=\"wp-block-button\"><a class=\"wp-block-button__link has-contrast-color has-text-color has-background has-link-color wp-element-button\" href=\"https:\/\/www.farbmix-goldbook.de\/\" style=\"background-color:#57f363\" target=\"_blank\" rel=\"noreferrer noopener\">farbmix-goldbook.de<\/a><\/div>\n<\/div>\n\n<\/div>\n\n<div class=\"gb-container gb-container-44630acb w-full md:w-1\/3 p-6 border rounded-lg shadow border-primary-500 hover:border-accent-500 hover:bg-accent-100\">\n\n<h4 class=\"wp-block-heading has-text-align-center has-text-color has-link-color wp-elements-fa2332103041ac7fe198d93ba8b725a2\" style=\"color:#f60e0e\"><strong><strong>Werden Sie sp\u00e4ter Teil des Kunstwork-Shoppings!<\/strong><\/strong><\/h4>\n\n\n\n<div class=\"wp-block-buttons is-content-justification-center is-layout-flex wp-container-core-buttons-is-layout-16018d1d wp-block-buttons-is-layout-flex\">\n<div class=\"wp-block-button\"><a class=\"wp-block-button__link has-contrast-color has-text-color has-background has-link-color wp-element-button\" href=\"http:\/\/www.book-on-demand.de\/sieben-freie-kuenste-der-rhetorik\/\" style=\"background-color:#57f363\" target=\"_blank\" rel=\"noreferrer noopener\">Sieben freie K\u00fcnste der Rhetorik<\/a><\/div>\n<\/div>\n\n<\/div>\n<\/div>\n<\/div>\n\n<div class=\"gb-container gb-container-68af8d67\">\n<div class=\"gb-container gb-container-b19c861d\">\n<div class=\"gb-container gb-container-9a6f271c gb-accordion\">\n<div class=\"gb-container gb-container-2bdb7b0c gb-accordion__item\" data-transition=\"slide\">\n\n<button class=\"gb-button gb-button-de4e453f gb-accordion__toggle\" id=\"gb-accordion-toggle-de4e453f\"><span class=\"gb-button-text\"><strong>Un mouvement artistique fascinant [fran\u00e7ais]<\/strong><\/span><span class=\"gb-icon\"><svg xmlns=\"http:\/\/www.w3.org\/2000\/svg\" viewBox=\"0 0 448 512\" width=\"1em\" height=\"1em\" aria-hidden=\"true\" role=\"img\" class=\"gb-accordion__icon\"><path d=\"M207.029 381.476L12.686 187.132c-9.373-9.373-9.373-24.569 0-33.941l22.667-22.667c9.357-9.357 24.522-9.375 33.901-.04L224 284.505l154.745-154.021c9.379-9.335 24.544-9.317 33.901.04l22.667 22.667c9.373 9.373 9.373 24.569 0 33.941L240.971 381.476c-9.373 9.372-24.569 9.372-33.942 0z\" fill=\"currentColor\"><\/path><\/svg><svg xmlns=\"http:\/\/www.w3.org\/2000\/svg\" viewBox=\"0 0 448 512\" width=\"1em\" height=\"1em\" aria-hidden=\"true\" role=\"img\" class=\"gb-accordion__icon-open\"><path d=\"M240.971 130.524l194.343 194.343c9.373 9.373 9.373 24.569 0 33.941l-22.667 22.667c-9.357 9.357-24.522 9.375-33.901.04L224 227.495 69.255 381.516c-9.379 9.335-24.544 9.317-33.901-.04l-22.667-22.667c-9.373-9.373-9.373-24.569 0-33.941L207.03 130.525c9.372-9.373 24.568-9.373 33.941-.001z\" fill=\"currentColor\"><\/path><\/svg><\/span><\/button>\n\n\n<div id=\"gb-accordion-content-19be1242\" class=\"gb-accordion__content\"><div class=\"gb-container gb-container-19be1242\">\n\n<p>L&#8217;art abstrait europ\u00e9en innovant <strong>[Innovative Abstrakte Europ\u00e4ische Kunst]<\/strong> est un mouvement artistique fascinant qui combine diff\u00e9rentes disciplines. Il r\u00e9unit les \u00e9l\u00e9ments de l&#8217;art abstrait, de la po\u00e9sie contemporaine et de la sociologie pratique afin de cr\u00e9er une compr\u00e9hension globale et complexe de l&#8217;art.<\/p>\n\n\n\n<p>Au sein de ce mouvement, l&#8217;art abstrait joue un r\u00f4le central, notamment \u00e0 travers la peinture par m\u00e9lange de couleurs et l&#8217;art conceptuel. Ces formes d&#8217;art permettent aux artistes d&#8217;exp\u00e9rimenter avec les couleurs et les formes et d&#8217;exprimer visuellement des id\u00e9es complexes.<\/p>\n\n\n\n<p>Les po\u00e8mes qui font partie de ce mouvement mettent en lumi\u00e8re des questions politiques et sociales d&#8217;actualit\u00e9. Ils abordent les contradictions et refl\u00e8tent \u00e0 la fois les pratiques sociales critiques et positives. Ces \u00e9l\u00e9ments lyriques contribuent \u00e0 replacer les \u0153uvres d&#8217;art dans un contexte social plus large et incitent les spectateurs \u00e0 la r\u00e9flexion.<\/p>\n\n\n\n<p>La sociologie pratique au sein de ce mouvement vise \u00e0 examiner l&#8217;applicabilit\u00e9 des concepts sociologiques dans divers domaines, notamment les in\u00e9galit\u00e9s structurelles, la pens\u00e9e en r\u00e9seau, la sociologie politique et la p\u00e9dagogie sociologique. Cette perspective favorise une compr\u00e9hension plus approfondie des dynamiques sociales qui fa\u00e7onnent notre soci\u00e9t\u00e9.<\/p>\n\n\n\n<p>Une repr\u00e9sentation de ce mouvement artistique innovant se trouve \u00e9galement dans le domaine de l&#8217;art num\u00e9rique sur ce site web www.farbmix-seminar.de. Les personnes int\u00e9ress\u00e9es peuvent y d\u00e9couvrir les diff\u00e9rents aspects de ce mouvement artistique et y trouver l&#8217;inspiration.<br>Dans l&#8217;ensemble, l&#8217;art abstrait europ\u00e9en innovant <strong>[Innovative Abstrakte Europ\u00e4ische Kunst]<\/strong> offre une plateforme passionnante pour relier l&#8217;art, la soci\u00e9t\u00e9 et la science et ouvrir de nouvelles perspectives.<\/p>\n\n\n\n<p>Le mouvement artistique <strong>Innovative Abstrakte Europ\u00e4ische Kunst<\/strong> a \u00e9t\u00e9 fond\u00e9 en 1999 par Roland Scheel-R\u00fcbsam. Il est \u00e9conomiste et a \u00e9tudi\u00e9 la sociologie. Il expose ses peintures depuis 2006. Sa premi\u00e8re exposition \u00e9tait l&#8217;\u0153uvre Betende (En pri\u00e8re) lors de la 8e exposition d&#8217;art jeunesse d&#8217;Essen au site class\u00e9 au patrimoine mondial de la mine Zollverein [Welterbe Zeche Zollverein].<\/p>\n\n<\/div><\/div>\n<\/div>\n<\/div>\n<\/div>\n\n<div class=\"gb-container gb-container-1df55da2\">\n<div class=\"gb-container gb-container-6d67ea8a gb-accordion\">\n<div class=\"gb-container gb-container-403782e1 gb-accordion__item\" data-transition=\"slide\">\n\n<button class=\"gb-button gb-button-321d634a gb-accordion__toggle\" id=\"gb-accordion-toggle-321d634a\"><span class=\"gb-button-text\"><strong>B\u00fcy\u00fcleyici bir sanat ak\u0131m\u0131 [T\u00fcrk\u00e7e]<\/strong><\/span><span class=\"gb-icon\"><svg xmlns=\"http:\/\/www.w3.org\/2000\/svg\" viewBox=\"0 0 448 512\" width=\"1em\" height=\"1em\" aria-hidden=\"true\" role=\"img\" class=\"gb-accordion__icon\"><path d=\"M207.029 381.476L12.686 187.132c-9.373-9.373-9.373-24.569 0-33.941l22.667-22.667c9.357-9.357 24.522-9.375 33.901-.04L224 284.505l154.745-154.021c9.379-9.335 24.544-9.317 33.901.04l22.667 22.667c9.373 9.373 9.373 24.569 0 33.941L240.971 381.476c-9.373 9.372-24.569 9.372-33.942 0z\" fill=\"currentColor\"><\/path><\/svg><svg xmlns=\"http:\/\/www.w3.org\/2000\/svg\" viewBox=\"0 0 448 512\" width=\"1em\" height=\"1em\" aria-hidden=\"true\" role=\"img\" class=\"gb-accordion__icon-open\"><path d=\"M240.971 130.524l194.343 194.343c9.373 9.373 9.373 24.569 0 33.941l-22.667 22.667c-9.357 9.357-24.522 9.375-33.901.04L224 227.495 69.255 381.516c-9.379 9.335-24.544 9.317-33.901-.04l-22.667-22.667c-9.373-9.373-9.373-24.569 0-33.941L207.03 130.525c9.372-9.373 24.568-9.373 33.941-.001z\" fill=\"currentColor\"><\/path><\/svg><\/span><\/button>\n\n\n<div id=\"gb-accordion-content-6dcb539f\" class=\"gb-accordion__content\"><div class=\"gb-container gb-container-6dcb539f\">\n\n<p>Yenilik\u00e7i Soyut Avrupa Sanat\u0131 <strong>[Innovative Abstrakte Europ\u00e4ische Kunst]<\/strong>, farkl\u0131 disiplinleri birbirine ba\u011flayan b\u00fcy\u00fcleyici bir sanat ak\u0131m\u0131d\u0131r. Soyut sanat, \u00e7a\u011fda\u015f \u015fiir ve uygulamal\u0131 sosyoloji unsurlar\u0131n\u0131 bir araya getirerek kapsaml\u0131 ve \u00e7ok katmanl\u0131 bir sanat anlay\u0131\u015f\u0131 yarat\u0131r.<\/p>\n\n\n\n<p>Bu ak\u0131m i\u00e7inde, \u00f6zellikle renk kar\u0131\u015f\u0131m\u0131 resim ve kavramsal sanat yoluyla, soyut sanat merkezi bir rol oynar. Bu sanat bi\u00e7imleri, sanat\u00e7\u0131lar\u0131n renkler ve formlarla denemeler yapmas\u0131na ve karma\u015f\u0131k fikirleri g\u00f6rsel olarak ifade etmesine olanak tan\u0131r.<\/p>\n\n\n\n<p>Bu ak\u0131m\u0131n bir par\u00e7as\u0131 olan \u015fiirler, g\u00fcncel siyasi ve toplumsal konular\u0131 ele al\u0131r. \u00c7eli\u015fkileri ele al\u0131r ve hem ele\u015ftirel hem de olumlu toplumsal uygulamalar\u0131 yans\u0131t\u0131r. Bu \u015fiirsel unsurlar, sanat eserlerini daha geni\u015f bir toplumsal ba\u011flama yerle\u015ftirmeye katk\u0131da bulunur ve izleyicileri d\u00fc\u015f\u00fcnmeye te\u015fvik eder.<\/p>\n\n\n\n<p>Bu hareket i\u00e7indeki pratik sosyoloji, yap\u0131sal e\u015fitsizlik, a\u011f d\u00fc\u015f\u00fcncesi, politik sosyoloji ve sosyoloji pedagojisi gibi \u00e7e\u015fitli alanlarda sosyolojik kavramlar\u0131n uygulanabilirli\u011fini ara\u015ft\u0131rmay\u0131 ama\u00e7lamaktad\u0131r. Bu bak\u0131\u015f a\u00e7\u0131s\u0131, toplumumuzu \u015fekillendiren sosyal dinamiklere ili\u015fkin daha derin bir anlay\u0131\u015f geli\u015ftirilmesini te\u015fvik eder.<\/p>\n\n\n\n<p>Bu yenilik\u00e7i sanat ak\u0131m\u0131n\u0131n bir temsili, www.farbmix-seminar.de web sitesinde dijital sanat alan\u0131nda da bulunabilir. Burada ilgilenenler, bu sanat ak\u0131m\u0131n\u0131n \u00e7e\u015fitli y\u00f6nleri hakk\u0131nda daha fazla bilgi edinebilir ve ilham alabilirler.<\/p>\n\n\n\n<p>Genel olarak, Yenilik\u00e7i Soyut Avrupa Sanat\u0131 <strong>[Innovative Abstrakte Europ\u00e4ische Kunst]<\/strong>, sanat, toplum ve bilimi birbirine ba\u011flamak ve yeni perspektifler a\u00e7mak i\u00e7in heyecan verici bir platform sunmaktad\u0131r.<\/p>\n\n\n\n<p><strong>[Innovative Abstrakte Europ\u00e4ische Kunst]<\/strong> Yenilik\u00e7i Soyut Avrupa Sanat\u0131 sanat ak\u0131m\u0131, 1999 y\u0131l\u0131nda Roland Scheel-R\u00fcbsam taraf\u0131ndan kurulmu\u015ftur. Scheel-R\u00fcbsam ekonomisttir ve sosyoloji okumu\u015ftur. 2006 y\u0131l\u0131ndan beri resim sergileri d\u00fczenlemektedir. \u0130lk sergisi, 8. Essen Gen\u00e7lik Sanat Sergisi&#8217;nde, D\u00fcnya Miras\u0131 Zeche Zollverein&#8217;da [Welterbe Zeche Zollverein] sergilenen Betende adl\u0131 eseriydi.<\/p>\n\n<\/div><\/div>\n<\/div>\n<\/div>\n<\/div>\n\n<div class=\"gb-container gb-container-dae81644\">\n<div class=\"gb-container gb-container-ce44dc4a gb-accordion\">\n<div class=\"gb-container gb-container-7889e40b gb-accordion__item\" data-transition=\"slide\">\n\n<button class=\"gb-button gb-button-ac13c3ff gb-accordion__toggle\" id=\"gb-accordion-toggle-ac13c3ff\"><span class=\"gb-button-text\"><strong>A fascinating art movement<\/strong><\/span><span class=\"gb-icon\"><svg xmlns=\"http:\/\/www.w3.org\/2000\/svg\" viewBox=\"0 0 448 512\" width=\"1em\" height=\"1em\" aria-hidden=\"true\" role=\"img\" class=\"gb-accordion__icon\"><path d=\"M207.029 381.476L12.686 187.132c-9.373-9.373-9.373-24.569 0-33.941l22.667-22.667c9.357-9.357 24.522-9.375 33.901-.04L224 284.505l154.745-154.021c9.379-9.335 24.544-9.317 33.901.04l22.667 22.667c9.373 9.373 9.373 24.569 0 33.941L240.971 381.476c-9.373 9.372-24.569 9.372-33.942 0z\" fill=\"currentColor\"><\/path><\/svg><svg xmlns=\"http:\/\/www.w3.org\/2000\/svg\" viewBox=\"0 0 448 512\" width=\"1em\" height=\"1em\" aria-hidden=\"true\" role=\"img\" class=\"gb-accordion__icon-open\"><path d=\"M240.971 130.524l194.343 194.343c9.373 9.373 9.373 24.569 0 33.941l-22.667 22.667c-9.357 9.357-24.522 9.375-33.901.04L224 227.495 69.255 381.516c-9.379 9.335-24.544 9.317-33.901-.04l-22.667-22.667c-9.373-9.373-9.373-24.569 0-33.941L207.03 130.525c9.372-9.373 24.568-9.373 33.941-.001z\" fill=\"currentColor\"><\/path><\/svg><\/span><\/button>\n\n\n<div id=\"gb-accordion-content-9529d8cf\" class=\"gb-accordion__content\"><div class=\"gb-container gb-container-9529d8cf\">\n\n<p>Innovative Abstract European Art <strong>[Innovative Abstrakte Europ\u00e4ische Kunst]<\/strong> is a fascinating art movement that combines various disciplines. It brings together elements of abstract art, contemporary poetry and practical sociology to create a comprehensive and multi-layered understanding of art.<\/p>\n\n\n\n<p>Abstract art plays a central role within this movement, particularly through colour mixing painting and conceptual art. These art forms allow artists to experiment with colours and shapes and to express complex ideas visually.<\/p>\n\n\n\n<p>The poetry that is part of this movement sheds light on current political and social issues. It deals with contradictions and reflects on both critical and positive social practices. These lyrical elements help to place the artworks in a broader social context and encourage viewers to reflect.<\/p>\n\n\n\n<p>The practical sociology within this movement aims to explore the applicability of sociological concepts in various areas, including structural inequality, network thinking, political sociology and sociology education. This perspective promotes a deeper understanding of the social dynamics that shape our society.<\/p>\n\n\n\n<p>A presentation of this innovative art movement can also be found in the digital art section of this website: www.farbmix-seminar.de. Here, interested parties can learn more about the various aspects of this art movement and find inspiration.<\/p>\n\n\n\n<p>Overall, Innovative Abstract European Art <strong>[Innovative Abstrakte Europ\u00e4ische Kunst]<\/strong> offers an exciting platform for connecting art, society and science and opening up new perspectives.<\/p>\n\n\n\n<p>The Innovative Abstract European Art <strong>[Innovative Abstrakte Europ\u00e4ische Kunst]<\/strong> movement was founded in 1999 by Roland Scheel-R\u00fcbsam. He is an economist and studied sociology. He has been exhibiting his paintings since 2006. His first exhibition was the work \u2018Betende\u2019 (Praying) at the 8th Essen Youth Art Exhibition in the Zollverein Coal Mine Industrial Complex, a World Heritage Site.<\/p>\n\n<\/div><\/div>\n<\/div>\n<\/div>\n<\/div>\n<\/div>\n\n\n<p><strong>Innovative Abstrakte Europ\u00e4ische Kunst<\/strong> ist eine faszinierende Kunstbewegung, die verschiedene Disziplinen miteinander verbindet. Sie vereint die Elemente der Abstrakten Kunst, zeitgen\u00f6ssische Lyrik und praktische Soziologie, um ein umfassendes und vielschichtiges Kunstverst\u00e4ndnis zu schaffen.<br><br>Innerhalb dieser Bewegung spielt die Abstrakte Kunst eine zentrale Rolle, insbesondere durch Farbmix-Malerei und Konzeptkunst. Diese Formen der Kunst erm\u00f6glichen es den K\u00fcnstlern, mit Farben und Formen zu experimentieren und komplexe Ideen visuell auszudr\u00fccken.<br><br>Die Lyriken, die Teil dieser Bewegung sind, beleuchten aktuelle politische und gesellschaftliche Themen. Sie setzen sich mit Widerspr\u00fcchen auseinander und reflektieren sowohl kritische als auch positive gesellschaftliche Praktiken. Diese lyrischen Elemente tragen dazu bei, die Kunstwerke in einen breiteren gesellschaftlichen Kontext zu stellen und regen die Betrachter zum Nachdenken an.<br><br>Die praktische Soziologie innerhalb dieser Bewegung zielt darauf ab, die Anwendbarkeit von soziologischen Konzepten in verschiedenen Bereichen zu untersuchen, darunter strukturelle Ungleichheit, Netzwerkdenken, politische Soziologie und Soziologie-P\u00e4dagogik. Diese Perspektive f\u00f6rdert ein tieferes Verst\u00e4ndnis f\u00fcr die sozialen Dynamiken, die unsere Gesellschaft pr\u00e4gen.<br><br>Eine Repr\u00e4sentation dieser innovativen Kunstbewegung findet sich auch im Bereich der digitalen Kunst auf dieser Website <a href=\"http:\/\/www.farbmix-seminar.de\">www.farbmix-seminar.de<\/a>. Hier k\u00f6nnen Interessierte mehr \u00fcber die verschiedenen Aspekte dieser Kunstbewegung erfahren und sich inspirieren lassen.<br><br>Insgesamt bietet die <strong>Innovative Abstrakte Europ\u00e4ische Kunst<\/strong> eine spannende Plattform, um Kunst, Gesellschaft und Wissenschaft miteinander zu verkn\u00fcpfen und neue Perspektiven zu er\u00f6ffnen.<\/p>\n\n\n\n<p>Die Kunstbewegung <strong>Innovative Abstrakte Europ\u00e4ische Kunst<\/strong> wurde von Roland Scheel-R\u00fcbsam im Jahr 1999 gegr\u00fcndet. Er ist \u00d6konom und studierte Soziologie. Seit dem Jahr 2006 stellte er Malerei aus. Seine erste Ausstellung war das Werk <em>Betende<\/em> bei der 8. Essener Jugendkunstausstellung im Welterbe Zeche Zollverein.<\/p>\n\n\n\n<ul class=\"wp-block-list\">\n<li>&nbsp; &nbsp; &nbsp; &nbsp;Teilnahme bei der IENA 2019, Messe N\u00fcrnberg. Malerei Roland Scheel mit den Werken aus der Reihe &#8222;Europa. Der Gang in die Zukunft&#8220; und KIT-Initiative &#8222;Umsetzung der Probleml\u00f6sung Bildungsnotstand&#8220;. Bei der Kick Off Veranstaltung zum Innovationsmeeting wurden diverse Modelle vorgestellt. Roland Scheel-R\u00fcbsam sprach \u00fcber \u201eMalerei und Europa\u201c.<\/li>\n<\/ul>\n\n\n\n<ul class=\"wp-block-list\">\n<li>&nbsp; &nbsp; &nbsp; &nbsp;Dauerausstellung im Standesamt der Stadt Essen &#8211; Ruhrgebiet. Die beiden Kunstwerke &#8222;Tag 3&#8220; und &#8222;Tag 4&#8220; aus der Reihe &#8222;Kunst aus Essen- Gr\u00fcne Hauptstadt 2017- Kunst auf Recyclingpapier&#8220; sind ab April 2019 im Standesamt Essen st\u00e4ndig ausgestellt.<\/li>\n<\/ul>\n\n\n\n<ul class=\"wp-block-list\">\n<li>&nbsp; &nbsp; &nbsp; &nbsp;Erste Publikation, Artikel bei INVOLO &#8211; Magazin f\u00fcr Kultur. Gesellschaft. Wissen im Jahr 2020.<\/li>\n<\/ul>\n\n\n\n<ul class=\"wp-block-list\">\n<li>&nbsp; &nbsp; &nbsp; &nbsp;Dar\u00fcber hinaus sind seit dem Jahr 2020 insgesamt 14 B\u00fccher von Roland Scheel-R\u00fcbsam mit dem Fokus auf Abstrakte Kunst, Lyrik und Kunstsoziologie erschienen.<\/li>\n<\/ul>\n\n\n<div class=\"gb-container gb-container-d833f5ea\">\n<div class=\"gb-grid-wrapper gb-grid-wrapper-bcf47026\">\n<div class=\"gb-grid-column gb-grid-column-568e5085\"><div class=\"gb-container gb-container-568e5085\">\n\n<h2 class=\"wp-block-heading has-text-align-center\">Franz\u00f6sisch<\/h2>\n\n\n\n<p class=\"has-text-align-center\">Des pi\u00e8ces de collection interdisciplinaires qui ouvrent des espaces \u2013 la peinture rencontre la litt\u00e9rature, la r\u00e9flexion rencontre l&#8217;inspiration, la limitation rencontre l&#8217;exclusivit\u00e9.<\/p>\n\n<\/div><\/div>\n\n<div class=\"gb-grid-column gb-grid-column-7892645c\"><div class=\"gb-container gb-container-7892645c\">\n\n<h2 class=\"wp-block-heading has-text-align-center\">T\u00fcrkisch<\/h2>\n\n\n\n<p class=\"has-text-align-center\">Disiplinleraras\u0131 koleksiyon par\u00e7alar\u0131, mek\u00e2nlar\u0131 a\u00e7ar \u2013 resim edebiyatla, yans\u0131ma ilhamla, s\u0131n\u0131rl\u0131l\u0131k ise ayr\u0131cal\u0131kla bulu\u015fur.<\/p>\n\n<\/div><\/div>\n\n<div class=\"gb-grid-column gb-grid-column-65141223\"><div class=\"gb-container gb-container-65141223\">\n\n<h2 class=\"wp-block-heading has-text-align-center\">Englisch<\/h2>\n\n\n\n<p class=\"has-text-align-center\">Interdisciplinary collectibles that open up spaces \u2013 painting meets literature, reflection meets inspiration, limitation meets exclusivity.<\/p>\n\n<\/div><\/div>\n<\/div>\n<\/div>","protected":false},"excerpt":{"rendered":"<p>Innovation in Kunst und Kreativit\u00e4t: Das neue Gold!&nbsp; Das gemeinsame Gestalten verkn\u00fcpft living city durch Kunst: Mit Farbmix Meister werden!&nbsp; Pers\u00f6nliche Entwicklung durch Kunst: \u00dcber L\u00f6sungen reden &#8211; die Rhetorik f\u00e4rbt die Worte. Umweltkunst und Kunst der Nachhaltigkeit: Verzahnung gesellschaftlicher Zeitvorstellungen mit den Rhythmen der Natur.&nbsp; Werden Sie sp\u00e4ter Teil des Kunstwork-Shoppings! L&#8217;art abstrait europ\u00e9en &#8230; <a title=\"AH! Malerei &amp; Lyrik R S-R\" class=\"read-more\" href=\"https:\/\/farbmix-seminar.de\/\" aria-label=\"Mehr Informationen \u00fcber AH! Malerei &amp; Lyrik R S-R\">Weiterlesen<\/a><\/p>\n","protected":false},"author":1,"featured_media":0,"parent":0,"menu_order":0,"comment_status":"closed","ping_status":"closed","template":"","meta":{"footnotes":""},"class_list":["post-2","page","type-page","status-publish"],"_links":{"self":[{"href":"https:\/\/farbmix-seminar.de\/index.php?rest_route=\/wp\/v2\/pages\/2","targetHints":{"allow":["GET"]}}],"collection":[{"href":"https:\/\/farbmix-seminar.de\/index.php?rest_route=\/wp\/v2\/pages"}],"about":[{"href":"https:\/\/farbmix-seminar.de\/index.php?rest_route=\/wp\/v2\/types\/page"}],"author":[{"embeddable":true,"href":"https:\/\/farbmix-seminar.de\/index.php?rest_route=\/wp\/v2\/users\/1"}],"replies":[{"embeddable":true,"href":"https:\/\/farbmix-seminar.de\/index.php?rest_route=%2Fwp%2Fv2%2Fcomments&post=2"}],"version-history":[{"count":5,"href":"https:\/\/farbmix-seminar.de\/index.php?rest_route=\/wp\/v2\/pages\/2\/revisions"}],"predecessor-version":[{"id":123,"href":"https:\/\/farbmix-seminar.de\/index.php?rest_route=\/wp\/v2\/pages\/2\/revisions\/123"}],"wp:attachment":[{"href":"https:\/\/farbmix-seminar.de\/index.php?rest_route=%2Fwp%2Fv2%2Fmedia&parent=2"}],"curies":[{"name":"wp","href":"https:\/\/api.w.org\/{rel}","templated":true}]}}